{"id":2,"date":"2014-08-08T10:40:17","date_gmt":"2014-08-08T10:40:17","guid":{"rendered":"http:\/\/www.blumeneck-kallenbach.de\/?page_id=2"},"modified":"2018-06-20T09:48:26","modified_gmt":"2018-06-20T07:48:26","slug":"agb","status":"publish","type":"page","link":"https:\/\/www.blumeneck-kallenbach.de\/?page_id=2","title":{"rendered":"AGB"},"content":{"rendered":"<p>Stand: 1\/2008<\/p>\n<p><strong>\u00a7 1 Geltung der Bedingung<br \/>\n<\/strong>Lieferungen, Leistungen und Angebote des Florist-Fachgesch\u00e4fts erfolgen ausschlie\u00dflich aufgrund der vorliegenden<\/p>\n<p>Gesch\u00e4ftsbedingungen. Abweichende Gesch\u00e4ftsbedingungen der Kunden werden nicht anerkannt.<\/p>\n<p><strong>\u00a7 2 Vertragsabschluss<br \/>\n<\/strong>Werden schriftliche Angebote vom Florist-Fachgesch\u00e4ft abgegeben, so k\u00f6nnen diese nur innerhalb der darin ausdr\u00fccklich vermerkten Zeit angenommen werden. Nebenabreden sind schriftlich abzufassen.<\/p>\n<p><strong>\u00a7 3 Preise<br \/>\n<\/strong>Die Preise des Florist-Fachgesch\u00e4fts verstehen sich einschlie\u00dflich der g\u00fcltigen Umsatzsteuer. Zusatzleistungen, die \u00fcber den eigentlichen Pflanzen- und Blumenverkauf hinausgehen, sind gesondert zu verg\u00fcten. Dazu geh\u00f6ren insbesondere Anlieferungen, Versand, Extrabeiwerk, Sonderverpackungen, Karten, \u00c4nderungen von Gebinden, Materialien, Arrangieren an drittem Ort.<\/p>\n<p><strong>\u00a7 4 F\u00e4lligkeit<br \/>\n<\/strong>Die Lieferungen des Florist-Fachgesch\u00e4fts sind bei \u00dcbergabe der Ware bar zu verg\u00fcten, sofern nicht eine andere Leistungszeit vereinbart ist. Schecks werden nur erf\u00fcllungshalber angenommen.<\/p>\n<p><strong>\u00a7 5 Lieferzeit und Gefahrtragung<br \/>\n<\/strong>(1) Vorausbestellte Ware ist vom Florist-Fachgesch\u00e4ft am vereinbarten Tag zu liefern. Der K\u00e4ufer ist verpflichtet, die Ware am vereinbarten Tag selbst abzunehmen oder zumindest f\u00fcr die Abnahme der Ware anderweitig Sorge zu tragen.<\/p>\n<p>(2) Mit der \u00dcbergabe der Ware geht die Gefahr des zuf\u00e4lligen Untergangs und der zuf\u00e4lligen Verschlechterung auf den K\u00e4ufer \u00fcber. Der \u00dcbergabe steht es gleich, wenn der K\u00e4ufer mit der Annahme in Verzug ist.<\/p>\n<p>(3) Das Florist-Fachgesch\u00e4ft haftet bei unvollst\u00e4ndiger oder falscher Angabe der Lieferanschrift nur bei grobe Fahrl\u00e4ssigkeit oder Vorsatz. F\u00fcr vom Kunden beigegebene Begleitwaren haftet das Florist-Fachgesch\u00e4ft nur bei grob fahrl\u00e4ssiger oder vors\u00e4tzlicher Besch\u00e4digung, Zerst\u00f6rung oder Verlust.<\/p>\n<p><strong>\u00a7 6 Gew\u00e4hrleistung und Haftung<br \/>\n<\/strong>(1) Hat der Kunde Waren vorausbestellt, so k\u00f6nnen die gelieferten Blumen und Pflanzen in Struktur und Farbe gegen\u00fcber den besichtigten Blumen und Pflanzen abweichen, soweit dies handels\u00fcblich ist und wenn nicht ausdr\u00fccklich eine spezielle Vereinbarung \u00fcber Sorte und\/oder Farbe der Blumen und Pflanzen getroffen wurde.<\/p>\n<p>(2) Ist die gelieferte Ware mangelhaft, kann der K\u00e4ufer nach seiner Wahl Nacherf\u00fcllung in Form der Beseitigung des Mangels (Nachbesserung) oder der Lieferung mangelfreier Ware (Ersatzlieferung) verlangen. Das Florist-Fachgesch\u00e4ft kann die vom K\u00e4ufer gew\u00e4hlte Art der Nacherf\u00fcllung verweigern, wenn sie nur mit unverh\u00e4ltnism\u00e4\u00dfigen Kosten m\u00f6glich ist. Der Anspruch des K\u00e4ufers beschr\u00e4nkt sich in diesem Fall auf die andere Art der Nacherf\u00fcllung. Das Recht des Florist-Fachgesch\u00e4ftes, auch diese zu verweigern, sofern sie nur mit unverh\u00e4ltnism\u00e4\u00dfigen Kosten m\u00f6glich ist, bleibt unber\u00fchrt.<\/p>\n<p>(3) Eine Nachbesserung gilt nach dem erfolglosen zweiten Versuch als fehlgeschlagen. Bei Fehlschlagen von Nachbesserung oder Ersatzlieferung ist der K\u00e4ufer berechtigt, nach seiner Wahl Herabsetzung des Kaufpreises (Minderung) zu verlangen oder vom Kaufvertrag zur\u00fcckzutreten. Bei Zahlung mit einer Kreditkarte erfolgt keine Bargeldauszahlung, sondern eine R\u00fcckbuchung bei dem Kreditkartenunternehmen.<\/p>\n<p>(4) Von den Florist-Fachgesch\u00e4ften gelieferte Keramiken k\u00f6nnen aufgrund ihrer nat\u00fcrlichen Por\u00f6sit\u00e4t Wasser aufnehmen; sie sind nicht wasserdicht, sondern mehr oder weniger wasserdurchl\u00e4ssig. Das Florist-Fachgesch\u00e4ft haftet f\u00fcr Sch\u00e4den, die durch aus Keramiken austretendes Wasser entstehen nur nach Ma\u00dfgabe von Absatz 6.<\/p>\n<p>(5) Das Florist-Fachgesch\u00e4ft haftet nicht f\u00fcr Sch\u00e4den, die dadurch entstehen, dass angesteckte oder anderweitig angebrachte Ware durch den Kunden oder Dritte unsachgem\u00e4\u00df entfernt wird.<\/p>\n<p>(6) Die vertragliche oder au\u00dfervertragliche Haftung des Florist-Fachgesch\u00e4ftes wird auf die F\u00e4lle des Vorsatzes und der groben Fahrl\u00e4ssigkeit beschr\u00e4nkt. Von dieser Haftungsbeschr\u00e4nkung ausgenommen ist jedoch die Haftung wegen schuldhafter Verletzung des Lebens, des K\u00f6rpers oder der Gesundheit. Ebenso unber\u00fchrt bleibt die zwingende Haftung nach dem Produkthaftungsgesetz, wegen \u00dcbernahme einer Garantie f\u00fcr die Beschaffenheit einer Sache sowie wegen der Verletzung vertragswesentlicher Pflichten.<\/p>\n<p><strong>\u00a7 7 Eigentumsvorbehalt<br \/>\n<\/strong>Bis zur vollst\u00e4ndigen Bezahlung des Kaufpreises bleibt die Ware Eigentum des Florist-Fachgesch\u00e4ftes.<\/p>\n","protected":false},"excerpt":{"rendered":"<p>Stand: 1\/2008 \u00a7 1 Geltung der Bedingung Lieferungen, Leistungen und Angebote des Florist-Fachgesch\u00e4fts erfolgen ausschlie\u00dflich aufgrund der vorliegenden Gesch\u00e4ftsbedingungen. Abweichende Gesch\u00e4ftsbedingungen der Kunden werden nicht anerkannt. \u00a7 2 Vertragsabschluss Werden schriftliche Angebote vom Florist-Fachgesch\u00e4ft abgegeben, so k\u00f6nnen diese nur innerhalb der darin ausdr\u00fccklich vermerkten Zeit angenommen werden. Nebenabreden sind schriftlich abzufassen. \u00a7 3 Preise Die [&hellip;]<\/p>\n","protected":false},"author":1,"featured_media":0,"parent":0,"menu_order":0,"comment_status":"open","ping_status":"open","template":"","meta":[],"yoast_head":"<!-- This site is optimized with the Yoast SEO plugin v15.9.1 - https:\/\/yoast.com\/wordpress\/plugins\/seo\/ -->\n<meta name=\"robots\" content=\"index, follow, max-snippet:-1, max-image-preview:large, max-video-preview:-1\" \/>\n<link rel=\"canonical\" href=\"https:\/\/www.blumeneck-kallenbach.de\/?page_id=2\" \/>\n<meta property=\"og:locale\" content=\"de_DE\" \/>\n<meta property=\"og:type\" content=\"article\" \/>\n<meta property=\"og:title\" content=\"AGB - Blumeneck Nico Kallenbach\" \/>\n<meta property=\"og:description\" content=\"Stand: 1\/2008 \u00a7 1 Geltung der Bedingung Lieferungen, Leistungen und Angebote des Florist-Fachgesch\u00e4fts erfolgen ausschlie\u00dflich aufgrund der vorliegenden Gesch\u00e4ftsbedingungen. Abweichende Gesch\u00e4ftsbedingungen der Kunden werden nicht anerkannt. \u00a7 2 Vertragsabschluss Werden schriftliche Angebote vom Florist-Fachgesch\u00e4ft abgegeben, so k\u00f6nnen diese nur innerhalb der darin ausdr\u00fccklich vermerkten Zeit angenommen werden. Nebenabreden sind schriftlich abzufassen. \u00a7 3 Preise Die [&hellip;]\" \/>\n<meta property=\"og:url\" content=\"https:\/\/www.blumeneck-kallenbach.de\/?page_id=2\" \/>\n<meta property=\"og:site_name\" content=\"Blumeneck Nico Kallenbach\" \/>\n<meta property=\"article:modified_time\" content=\"2018-06-20T07:48:26+00:00\" \/>\n<meta name=\"twitter:label1\" content=\"Gesch\u00e4tzte Lesezeit\">\n\t<meta name=\"twitter:data1\" content=\"3\u00a0Minuten\">\n<script type=\"application\/ld+json\" class=\"yoast-schema-graph\">{\"@context\":\"https:\/\/schema.org\",\"@graph\":[{\"@type\":\"WebSite\",\"@id\":\"https:\/\/www.blumeneck-kallenbach.de\/#website\",\"url\":\"https:\/\/www.blumeneck-kallenbach.de\/\",\"name\":\"Blumeneck Nico Kallenbach\",\"description\":\"\",\"potentialAction\":[{\"@type\":\"SearchAction\",\"target\":\"https:\/\/www.blumeneck-kallenbach.de\/?s={search_term_string}\",\"query-input\":\"required name=search_term_string\"}],\"inLanguage\":\"de\"},{\"@type\":\"WebPage\",\"@id\":\"https:\/\/www.blumeneck-kallenbach.de\/?page_id=2#webpage\",\"url\":\"https:\/\/www.blumeneck-kallenbach.de\/?page_id=2\",\"name\":\"AGB - Blumeneck Nico Kallenbach\",\"isPartOf\":{\"@id\":\"https:\/\/www.blumeneck-kallenbach.de\/#website\"},\"datePublished\":\"2014-08-08T10:40:17+00:00\",\"dateModified\":\"2018-06-20T07:48:26+00:00\",\"breadcrumb\":{\"@id\":\"https:\/\/www.blumeneck-kallenbach.de\/?page_id=2#breadcrumb\"},\"inLanguage\":\"de\",\"potentialAction\":[{\"@type\":\"ReadAction\",\"target\":[\"https:\/\/www.blumeneck-kallenbach.de\/?page_id=2\"]}]},{\"@type\":\"BreadcrumbList\",\"@id\":\"https:\/\/www.blumeneck-kallenbach.de\/?page_id=2#breadcrumb\",\"itemListElement\":[{\"@type\":\"ListItem\",\"position\":1,\"item\":{\"@type\":\"WebPage\",\"@id\":\"https:\/\/www.blumeneck-kallenbach.de\/\",\"url\":\"https:\/\/www.blumeneck-kallenbach.de\/\",\"name\":\"Home\"}},{\"@type\":\"ListItem\",\"position\":2,\"item\":{\"@type\":\"WebPage\",\"@id\":\"https:\/\/www.blumeneck-kallenbach.de\/?page_id=2\",\"url\":\"https:\/\/www.blumeneck-kallenbach.de\/?page_id=2\",\"name\":\"AGB\"}}]}]}<\/script>\n<!-- \/ Yoast SEO plugin. -->","_links":{"self":[{"href":"https:\/\/www.blumeneck-kallenbach.de\/index.php?rest_route=\/wp\/v2\/pages\/2"}],"collection":[{"href":"https:\/\/www.blumeneck-kallenbach.de\/index.php?rest_route=\/wp\/v2\/pages"}],"about":[{"href":"https:\/\/www.blumeneck-kallenbach.de\/index.php?rest_route=\/wp\/v2\/types\/page"}],"author":[{"embeddable":true,"href":"https:\/\/www.blumeneck-kallenbach.de\/index.php?rest_route=\/wp\/v2\/users\/1"}],"replies":[{"embeddable":true,"href":"https:\/\/www.blumeneck-kallenbach.de\/index.php?rest_route=%2Fwp%2Fv2%2Fcomments&post=2"}],"version-history":[{"count":4,"href":"https:\/\/www.blumeneck-kallenbach.de\/index.php?rest_route=\/wp\/v2\/pages\/2\/revisions"}],"predecessor-version":[{"id":82,"href":"https:\/\/www.blumeneck-kallenbach.de\/index.php?rest_route=\/wp\/v2\/pages\/2\/revisions\/82"}],"wp:attachment":[{"href":"https:\/\/www.blumeneck-kallenbach.de\/index.php?rest_route=%2Fwp%2Fv2%2Fmedia&parent=2"}],"curies":[{"name":"wp","href":"https:\/\/api.w.org\/{rel}","templated":true}]}}